{"id":42,"date":"2024-11-11T22:22:59","date_gmt":"2024-11-11T22:22:59","guid":{"rendered":"https:\/\/www.artegalerija.rs\/aukcija\/?page_id=42"},"modified":"2025-12-03T02:08:15","modified_gmt":"2025-12-03T01:08:15","slug":"uslovi-ucesca","status":"publish","type":"page","link":"https:\/\/www.artegalerija.rs\/aukcija\/uslovi-ucesca\/","title":{"rendered":"Uslovi u\u010de\u0161\u0107a"},"content":{"rendered":"\n<p><br>ARTE galerija, Arte Media d.o.o.<br><\/p>\n\n\n\n<p><br><strong>U\u010destvovanjem na licitaciji, prihvatate slede\u0107e uslove:<\/strong><\/p>\n\n\n\n<p><br><br><strong><mark style=\"background-color:rgba(0, 0, 0, 0);color:#911618\" class=\"has-inline-color\">Registracija<\/mark><\/strong><\/p>\n\n\n\n<p>Da biste mogli da licitirate, potrebno je da se registrujete na sajtu<strong>&nbsp;<mark style=\"background-color:rgba(0, 0, 0, 0);color:#911618\" class=\"has-inline-color\">artegalerija.rs\/aukcija<\/mark><\/strong> (<a href=\"https:\/\/www.artegalerija.rs\/aukcija\/registracija\/\"><strong><u><strong>https:\/\/www.artegalerija.rs\/aukcija\/registracija\/<\/strong><\/u><\/strong><\/a>), pozivom na broj <strong>+381 63 638 147<\/strong>, slanjem imejla na adresu <strong>info@arte.rs<\/strong>, ili <strong>li\u010dno<\/strong>&nbsp;u prostorijama galerije&nbsp;(Andri\u0107ev venac 12, Kralja Milana 48, Terazije 39).<\/p>\n\n\n\n<p><br><br><strong><mark style=\"background-color:rgba(0, 0, 0, 0);color:#911618\" class=\"has-inline-color\">Stanje predmeta<\/mark><\/strong><\/p>\n\n\n\n<p>Pozivamo sve zainteresovane kupce da posete <strong>predaukcijsku izlo\u017ebu<\/strong>&nbsp;i pregledaju Lot-ove koje \u017eele da kupe. Iako u katalogu nisu istaknuti izve\u0161taji o stanju, na\u0161i predstavnici \u0107e Vam rado pomo\u0107i pri utvr\u0111ivanju stanja predmeta koji Vas zanima. Mo\u017eete tra\u017eiti izve\u0161taj o stanju za pojedina\u010dne Lot-ove koji Vas interesuju pozivom na broj <strong>+381 63 638 147<\/strong>&nbsp;ili slanjem imejla na adresu <strong>info@arte.rs<\/strong>.<\/p>\n\n\n\n<p><br><br><strong><mark style=\"background-color:rgba(0, 0, 0, 0);color:#911618\" class=\"has-inline-color\">Na\u010din kupovine<\/mark><\/strong><\/p>\n\n\n\n<p>Kupci mogu pismenim nalogom (poseban obrazac galerije) ovlastiti galeriju ili tre\u0107e lice da ih zastupa na aukciji i na takav na\u010din mogu kupiti predmet ili vi\u0161e njih. ARTE galerija mo\u017ee od svakog nalogodavca tra\u017eiti dokaze o bonitetu i solventnosti, kao uslov prihvatanja naloga. Prihvatanje naloga ARTE galerija potvr\u0111uje u pismenoj formi. Kupci mogu biti zastupani putem:<\/p>\n\n\n\n<p>1. <strong>Zatvorene ponude<\/strong>&nbsp;(kupac navede maksimalni iznos koji \u017eeli da plati za odre\u0111eni Lot, aukcijska ku\u0107a\/ovla\u0161\u0107eno lice licitira umesto kupca do tog iznosa);<\/p>\n\n\n\n<p>2. <strong>Telefonskim pozivom<\/strong>&nbsp;(\u010dlan aukcijske ku\u0107e\/ovla\u0161\u0107eno lice Vas zove u toku trajanja aukcije, obave\u0161tava Vas o toku nadmetanja i nadme\u0107e se uz Va\u0161e instrukcije);<\/p>\n\n\n\n<p>3. <strong>Direktnim prisustvom <\/strong>(davanjem ponude direktno u galeriji ispred predmetnog Lot-a).<\/p>\n\n\n\n<p>Na veb\u2013sajtu galerije, na linku <strong><a href=\"http:\/\/artegalerija.rs\/aukcija\/sve-aukcije\">artegalerija.rs\/aukcija\/sve-aukcije<\/a> <\/strong>kupci u svakom trenutku mogu da pogledaju do koje sume je stigla licitacija, i da li je njihova ponuda nadma\u0161ena.<\/p>\n\n\n\n<p><br><br><strong><mark style=\"background-color:rgba(0, 0, 0, 0);color:#911618\" class=\"has-inline-color\">Tok aukcije<\/mark><\/strong><\/p>\n\n\n\n<p>Aukcija je po\u010dela u <strong>sredu<\/strong>,<strong> 3. decembra 2025. godine<\/strong>. U\u010desnicima \u0107e biti omogu\u0107eno da licitiraju kroz period od<strong> 14 dana<\/strong>, nakon \u010dega \u0107e se u <strong>utorak<\/strong>, <strong>16. decembra<\/strong>, u periodu izme\u0111u <strong>18h i 20h<\/strong> aukcija zavr\u0161iti. <strong>Najvi\u0161a postavljena ponuda je pobedni\u010dka ponuda.<\/strong><\/p>\n\n\n\n<p><br><br><strong><mark style=\"background-color:rgba(0, 0, 0, 0);color:#911618\" class=\"has-inline-color\">Isplata<\/mark><\/strong><\/p>\n\n\n\n<p>Kupac je po zavr\u0161etku aukcije u obavezi da isplati sve Lot-ove koje je uspe\u0161no osvojio najkasnije 7 dana nakon kraja aukcije. Vlasni\u0161tvo nad kupljenim predmetima prelazi na kupca u trenutku kada kupac isplati ukupan iznos duga prema ARTE galeriji. Kupac zadr\u017eava pravo da odlu\u010di kako \u0107e platiti: a) platnom karticom b) uplatom na ra\u010dun c) gotovinom u prostorijama na\u0161e galerije. Zadr\u017eavamo pravo na zadr\u017eavanje predmeta koji ste kupili dok se uplata ne realizuje.<\/p>\n\n\n\n<p><br><br><strong><mark style=\"background-color:rgba(0, 0, 0, 0);color:#911618\" class=\"has-inline-color\">Obaveze kupca<\/mark><\/strong><\/p>\n\n\n\n<p>U slu\u010daju nepla\u0107anja ili nepreuzimanja kupljene robe od strane kupca u navedenim rokovima ARTE galerija je ovla\u0161\u0107ena: a) da zahteva od\u0161tetu od kupca putem suda zbog nepo\u0161tovanja kupoprodajnih uslova, b) odlo\u017ei ili poni\u0161ti prodaju predmeta prodatih kupcu na istoj ili bilo kojoj drugoj aukciji, zadr\u017eavaju\u0107i kao kompenzaciju sva pla\u0107anja koja je kupac obavio prema ARTE galeriji, a na ime naknade \u0161tete koju je pretrpeo prodavac ili ARTE galerija kao posledicu duga kupca, c) ponovo proda predmet putem javne aukcije ili direktnom prodajom te dr\u017ei kupca\u2013du\u017enika odgovornim za eventualni \u201cmanjak\u201d, a kupac\u2013du\u017enik je u potpunosti saglasan da je ovako postignuta cena tr\u017ei\u0161no razumna i prihvatljiva, d) zadr\u017ei bilo koje vlasni\u0161tvo kupca\u2013du\u017enika kao zalog i prodajom istoga namiri svoje potra\u017eivanje.<\/p>\n\n\n\n<p><br><br><strong><mark style=\"background-color:rgba(0, 0, 0, 0);color:#911618\" class=\"has-inline-color\">Povla\u010denje<\/mark><\/strong><\/p>\n\n\n\n<p>Aukcijska ku\u0107a zadr\u017eava prava da, bez ikakve odgovornosti prema bilo kom potencijalnom kupcu, povu\u010de bilo koji predmet sa aukcije.<\/p>\n\n\n\n<p><br><br><strong><mark style=\"background-color:rgba(0, 0, 0, 0);color:#911618\" class=\"has-inline-color\">Skala za licitiranje<\/mark><\/strong><\/p>\n\n\n\n<p>\u2013 za iznose do 500 eur po 25 eur<\/p>\n\n\n\n<p>\u2013 za iznose od 500 eur do 2000 eur po 50 eur<\/p>\n\n\n\n<p>\u2013 za iznose od 2000 eur do 5000 eur po 100 eur<\/p>\n\n\n\n<p>\u2013 za iznose od 5000 eur do 10000 eur po 200 eur<\/p>\n\n\n\n<p>\u2013 za iznose preko 10000 eur po 500 eur<\/p>\n\n\n\n<p>* eur je indikacija, pla\u0107anje u RSD<\/p>\n\n\n\n<p>NAPOMENA: ARTE galerija \/ Arte Media d.o.o. nije u mogu\u0107nosti da fakturi\u0161e Lot-ove online aukcije dok se licitacija svakog Lot-a ne zavr\u0161i. Svaka ponuda je obavezuju\u0107a i ne mo\u017ee se povu\u0107i.<\/p>\n","protected":false},"excerpt":{"rendered":"<p>ARTE galerija, Arte Media d.o.o. U\u010destvovanjem na licitaciji, prihvatate slede\u0107e uslove: Registracija Da biste mogli da licitirate, potrebno je da se registrujete na sajtu&nbsp;artegalerija.rs\/aukcija (https:\/\/www.artegalerija.rs\/aukcija\/registracija\/), pozivom na broj +381 63 638 147, slanjem imejla na adresu info@arte.rs, ili li\u010dno&nbsp;u prostorijama galerije&nbsp;(Andri\u0107ev venac 12, Kralja Milana 48, Terazije 39). Stanje predmeta Pozivamo sve zainteresovane kupce da [&hellip;]<\/p>\n","protected":false},"author":8,"featured_media":0,"parent":0,"menu_order":0,"comment_status":"closed","ping_status":"closed","template":"","meta":{"_acf_changed":false,"footnotes":""},"class_list":["post-42","page","type-page","status-publish","hentry"],"acf":[],"yoast_head":"<!-- This site is optimized with the Yoast SEO plugin v26.5 - https:\/\/yoast.com\/wordpress\/plugins\/seo\/ -->\n<title>Uslovi u\u010de\u0161\u0107a - Arte Aukcije<\/title>\n<meta name=\"robots\" content=\"index, follow, max-snippet:-1, max-image-preview:large, max-video-preview:-1\" \/>\n<link rel=\"canonical\" href=\"https:\/\/www.artegalerija.rs\/aukcija\/uslovi-ucesca\/\" \/>\n<meta property=\"og:locale\" content=\"sr_RS\" \/>\n<meta property=\"og:type\" content=\"article\" \/>\n<meta property=\"og:title\" content=\"Uslovi u\u010de\u0161\u0107a - Arte Aukcije\" \/>\n<meta property=\"og:description\" content=\"ARTE galerija, Arte Media d.o.o. U\u010destvovanjem na licitaciji, prihvatate slede\u0107e uslove: Registracija Da biste mogli da licitirate, potrebno je da se registrujete na sajtu&nbsp;artegalerija.rs\/aukcija (https:\/\/www.artegalerija.rs\/aukcija\/registracija\/), pozivom na broj +381 63 638 147, slanjem imejla na adresu info@arte.rs, ili li\u010dno&nbsp;u prostorijama galerije&nbsp;(Andri\u0107ev venac 12, Kralja Milana 48, Terazije 39). Stanje predmeta Pozivamo sve zainteresovane kupce da [&hellip;]\" \/>\n<meta property=\"og:url\" content=\"https:\/\/www.artegalerija.rs\/aukcija\/uslovi-ucesca\/\" \/>\n<meta property=\"og:site_name\" content=\"Arte Aukcije\" \/>\n<meta property=\"article:publisher\" content=\"https:\/\/www.facebook.com\/artegalerija\/\" \/>\n<meta property=\"article:modified_time\" content=\"2025-12-03T01:08:15+00:00\" \/>\n<meta name=\"twitter:card\" content=\"summary_large_image\" \/>\n<meta name=\"twitter:label1\" content=\"Procenjeno vreme \u010ditanja\" \/>\n\t<meta name=\"twitter:data1\" content=\"4 minuta\" \/>\n<script type=\"application\/ld+json\" class=\"yoast-schema-graph\">{\"@context\":\"https:\/\/schema.org\",\"@graph\":[{\"@type\":\"WebPage\",\"@id\":\"https:\/\/www.artegalerija.rs\/aukcija\/uslovi-ucesca\/\",\"url\":\"https:\/\/www.artegalerija.rs\/aukcija\/uslovi-ucesca\/\",\"name\":\"Uslovi u\u010de\u0161\u0107a - Arte Aukcije\",\"isPartOf\":{\"@id\":\"https:\/\/www.artegalerija.rs\/aukcija\/#website\"},\"datePublished\":\"2024-11-11T22:22:59+00:00\",\"dateModified\":\"2025-12-03T01:08:15+00:00\",\"breadcrumb\":{\"@id\":\"https:\/\/www.artegalerija.rs\/aukcija\/uslovi-ucesca\/#breadcrumb\"},\"inLanguage\":\"sr-RS\",\"potentialAction\":[{\"@type\":\"ReadAction\",\"target\":[\"https:\/\/www.artegalerija.rs\/aukcija\/uslovi-ucesca\/\"]}]},{\"@type\":\"BreadcrumbList\",\"@id\":\"https:\/\/www.artegalerija.rs\/aukcija\/uslovi-ucesca\/#breadcrumb\",\"itemListElement\":[{\"@type\":\"ListItem\",\"position\":1,\"name\":\"\u041f\u043e\u0447\u0435\u0442\u043d\u0430\",\"item\":\"https:\/\/www.artegalerija.rs\/aukcija\/\"},{\"@type\":\"ListItem\",\"position\":2,\"name\":\"Uslovi u\u010de\u0161\u0107a\"}]},{\"@type\":\"WebSite\",\"@id\":\"https:\/\/www.artegalerija.rs\/aukcija\/#website\",\"url\":\"https:\/\/www.artegalerija.rs\/aukcija\/\",\"name\":\"Arte Aukcije\",\"description\":\"\",\"publisher\":{\"@id\":\"https:\/\/www.artegalerija.rs\/aukcija\/#organization\"},\"potentialAction\":[{\"@type\":\"SearchAction\",\"target\":{\"@type\":\"EntryPoint\",\"urlTemplate\":\"https:\/\/www.artegalerija.rs\/aukcija\/?s={search_term_string}\"},\"query-input\":{\"@type\":\"PropertyValueSpecification\",\"valueRequired\":true,\"valueName\":\"search_term_string\"}}],\"inLanguage\":\"sr-RS\"},{\"@type\":\"Organization\",\"@id\":\"https:\/\/www.artegalerija.rs\/aukcija\/#organization\",\"name\":\"Arte Aukcije\",\"url\":\"https:\/\/www.artegalerija.rs\/aukcija\/\",\"logo\":{\"@type\":\"ImageObject\",\"inLanguage\":\"sr-RS\",\"@id\":\"https:\/\/www.artegalerija.rs\/aukcija\/#\/schema\/logo\/image\/\",\"url\":\"https:\/\/www.artegalerija.rs\/aukcija\/wp-content\/uploads\/2024\/11\/logo-arte.jpg\",\"contentUrl\":\"https:\/\/www.artegalerija.rs\/aukcija\/wp-content\/uploads\/2024\/11\/logo-arte.jpg\",\"width\":790,\"height\":790,\"caption\":\"Arte Aukcije\"},\"image\":{\"@id\":\"https:\/\/www.artegalerija.rs\/aukcija\/#\/schema\/logo\/image\/\"},\"sameAs\":[\"https:\/\/www.facebook.com\/artegalerija\/\",\"https:\/\/www.instagram.com\/galerija_arte\/\",\"https:\/\/www.youtube.com\/@artegalerija9501\/videos\"]}]}<\/script>\n<!-- \/ Yoast SEO plugin. -->","yoast_head_json":{"title":"Uslovi u\u010de\u0161\u0107a - Arte Aukcije","robots":{"index":"index","follow":"follow","max-snippet":"max-snippet:-1","max-image-preview":"max-image-preview:large","max-video-preview":"max-video-preview:-1"},"canonical":"https:\/\/www.artegalerija.rs\/aukcija\/uslovi-ucesca\/","og_locale":"sr_RS","og_type":"article","og_title":"Uslovi u\u010de\u0161\u0107a - Arte Aukcije","og_description":"ARTE galerija, Arte Media d.o.o. U\u010destvovanjem na licitaciji, prihvatate slede\u0107e uslove: Registracija Da biste mogli da licitirate, potrebno je da se registrujete na sajtu&nbsp;artegalerija.rs\/aukcija (https:\/\/www.artegalerija.rs\/aukcija\/registracija\/), pozivom na broj +381 63 638 147, slanjem imejla na adresu info@arte.rs, ili li\u010dno&nbsp;u prostorijama galerije&nbsp;(Andri\u0107ev venac 12, Kralja Milana 48, Terazije 39). Stanje predmeta Pozivamo sve zainteresovane kupce da [&hellip;]","og_url":"https:\/\/www.artegalerija.rs\/aukcija\/uslovi-ucesca\/","og_site_name":"Arte Aukcije","article_publisher":"https:\/\/www.facebook.com\/artegalerija\/","article_modified_time":"2025-12-03T01:08:15+00:00","twitter_card":"summary_large_image","twitter_misc":{"\u041f\u0440\u043e\u0446\u0435\u045a\u0435\u043d\u043e \u0432\u0440\u0435\u043c\u0435 \u0447\u0438\u0442\u0430\u045a\u0430":"4 minuta"},"schema":{"@context":"https:\/\/schema.org","@graph":[{"@type":"WebPage","@id":"https:\/\/www.artegalerija.rs\/aukcija\/uslovi-ucesca\/","url":"https:\/\/www.artegalerija.rs\/aukcija\/uslovi-ucesca\/","name":"Uslovi u\u010de\u0161\u0107a - Arte Aukcije","isPartOf":{"@id":"https:\/\/www.artegalerija.rs\/aukcija\/#website"},"datePublished":"2024-11-11T22:22:59+00:00","dateModified":"2025-12-03T01:08:15+00:00","breadcrumb":{"@id":"https:\/\/www.artegalerija.rs\/aukcija\/uslovi-ucesca\/#breadcrumb"},"inLanguage":"sr-RS","potentialAction":[{"@type":"ReadAction","target":["https:\/\/www.artegalerija.rs\/aukcija\/uslovi-ucesca\/"]}]},{"@type":"BreadcrumbList","@id":"https:\/\/www.artegalerija.rs\/aukcija\/uslovi-ucesca\/#breadcrumb","itemListElement":[{"@type":"ListItem","position":1,"name":"Po\u010detna","item":"https:\/\/www.artegalerija.rs\/aukcija\/"},{"@type":"ListItem","position":2,"name":"Uslovi u\u010de\u0161\u0107a"}]},{"@type":"WebSite","@id":"https:\/\/www.artegalerija.rs\/aukcija\/#website","url":"https:\/\/www.artegalerija.rs\/aukcija\/","name":"Arte Aukcije","description":"","publisher":{"@id":"https:\/\/www.artegalerija.rs\/aukcija\/#organization"},"potentialAction":[{"@type":"SearchAction","target":{"@type":"EntryPoint","urlTemplate":"https:\/\/www.artegalerija.rs\/aukcija\/?s={search_term_string}"},"query-input":{"@type":"PropertyValueSpecification","valueRequired":true,"valueName":"search_term_string"}}],"inLanguage":"sr-RS"},{"@type":"Organization","@id":"https:\/\/www.artegalerija.rs\/aukcija\/#organization","name":"Arte Aukcije","url":"https:\/\/www.artegalerija.rs\/aukcija\/","logo":{"@type":"ImageObject","inLanguage":"sr-RS","@id":"https:\/\/www.artegalerija.rs\/aukcija\/#\/schema\/logo\/image\/","url":"https:\/\/www.artegalerija.rs\/aukcija\/wp-content\/uploads\/2024\/11\/logo-arte.jpg","contentUrl":"https:\/\/www.artegalerija.rs\/aukcija\/wp-content\/uploads\/2024\/11\/logo-arte.jpg","width":790,"height":790,"caption":"Arte Aukcije"},"image":{"@id":"https:\/\/www.artegalerija.rs\/aukcija\/#\/schema\/logo\/image\/"},"sameAs":["https:\/\/www.facebook.com\/artegalerija\/","https:\/\/www.instagram.com\/galerija_arte\/","https:\/\/www.youtube.com\/@artegalerija9501\/videos"]}]}},"_links":{"self":[{"href":"https:\/\/www.artegalerija.rs\/aukcija\/wp-json\/wp\/v2\/pages\/42","targetHints":{"allow":["GET"]}}],"collection":[{"href":"https:\/\/www.artegalerija.rs\/aukcija\/wp-json\/wp\/v2\/pages"}],"about":[{"href":"https:\/\/www.artegalerija.rs\/aukcija\/wp-json\/wp\/v2\/types\/page"}],"author":[{"embeddable":true,"href":"https:\/\/www.artegalerija.rs\/aukcija\/wp-json\/wp\/v2\/users\/8"}],"replies":[{"embeddable":true,"href":"https:\/\/www.artegalerija.rs\/aukcija\/wp-json\/wp\/v2\/comments?post=42"}],"version-history":[{"count":16,"href":"https:\/\/www.artegalerija.rs\/aukcija\/wp-json\/wp\/v2\/pages\/42\/revisions"}],"predecessor-version":[{"id":2095,"href":"https:\/\/www.artegalerija.rs\/aukcija\/wp-json\/wp\/v2\/pages\/42\/revisions\/2095"}],"wp:attachment":[{"href":"https:\/\/www.artegalerija.rs\/aukcija\/wp-json\/wp\/v2\/media?parent=42"}],"curies":[{"name":"wp","href":"https:\/\/api.w.org\/{rel}","templated":true}]}}