{"id":1405,"date":"2025-05-13T17:25:51","date_gmt":"2025-05-13T15:25:51","guid":{"rendered":"https:\/\/www.artegalerija.rs\/aukcija\/?post_type=product&#038;p=1405"},"modified":"2025-12-15T11:23:08","modified_gmt":"2025-12-15T10:23:08","slug":"lot-48a","status":"publish","type":"product","link":"https:\/\/www.artegalerija.rs\/aukcija\/lot\/lot-48a\/","title":{"rendered":"Lot 48a"},"content":{"rendered":"<p><strong>Lot 48a<\/strong><br \/>\n<strong>Branko Milju\u0161<\/strong> (1936\u20132012)<br \/>\n<em>Meta<\/em>, 1968\/69.<br \/>\nulje na platnu, 190x90 cm<br \/>\n<strong>Cena na upit<\/strong><\/p>\n<p>&nbsp;<\/p>\n<p>Delo je publikovano u:<br \/>\nLjiljana Slijep\u010devi\u0107, MILJU\u0160 BRANKO (1936 \u2013 2012), Arte Media, Beograd, 2014, str. 98 i 314<\/p>\n<p>&nbsp;<\/p>\n","protected":false},"excerpt":{"rendered":"<p>Lot 48a Branko Milju\u0161 (1936\u20132012) Meta, 1968\/69. ulje na platnu, 190x90 cm Cena na upit &nbsp; Delo je publikovano u: Ljiljana Slijep\u010devi\u0107, MILJU\u0160 BRANKO (1936 \u2013 2012), Arte Media, Beograd, 2014, str. 98 i 314 &nbsp;<\/p>\n","protected":false},"featured_media":1843,"template":"","meta":{"_acf_changed":false},"product_brand":[],"product_cat":[87],"product_tag":[222],"class_list":{"0":"post-1405","1":"product","2":"type-product","3":"status-publish","4":"has-post-thumbnail","6":"product_cat-branko-miljus-1936-2012","7":"product_tag-slike","9":"first","10":"instock","11":"shipping-taxable","12":"product-type-simple"},"acf":[],"yoast_head":"<!-- This site is optimized with the Yoast SEO plugin v26.5 - https:\/\/yoast.com\/wordpress\/plugins\/seo\/ -->\n<title>Lot 48a - Arte Aukcije<\/title>\n<meta name=\"robots\" content=\"index, follow, max-snippet:-1, max-image-preview:large, max-video-preview:-1\" \/>\n<link rel=\"canonical\" href=\"https:\/\/www.artegalerija.rs\/aukcija\/lot\/lot-48a\/\" \/>\n<meta property=\"og:locale\" content=\"sr_RS\" \/>\n<meta property=\"og:type\" content=\"article\" \/>\n<meta property=\"og:title\" content=\"Lot 48a - Arte Aukcije\" \/>\n<meta property=\"og:description\" content=\"Lot 48a Branko Milju\u0161 (1936\u20132012) Meta, 1968\/69. ulje na platnu, 190x90 cm Cena na upit &nbsp; Delo je publikovano u: Ljiljana Slijep\u010devi\u0107, MILJU\u0160 BRANKO (1936 \u2013 2012), Arte Media, Beograd, 2014, str. 98 i 314 &nbsp;\" \/>\n<meta property=\"og:url\" content=\"https:\/\/www.artegalerija.rs\/aukcija\/lot\/lot-48a\/\" \/>\n<meta property=\"og:site_name\" content=\"Arte Aukcije\" \/>\n<meta property=\"article:publisher\" content=\"https:\/\/www.facebook.com\/artegalerija\/\" \/>\n<meta property=\"article:modified_time\" content=\"2025-12-15T10:23:08+00:00\" \/>\n<meta property=\"og:image\" content=\"https:\/\/www.artegalerija.rs\/aukcija\/wp-content\/uploads\/2025\/12\/48-a.jpg\" \/>\n\t<meta property=\"og:image:width\" content=\"1920\" \/>\n\t<meta property=\"og:image:height\" content=\"1920\" \/>\n\t<meta property=\"og:image:type\" content=\"image\/jpeg\" \/>\n<meta name=\"twitter:card\" content=\"summary_large_image\" \/>\n<meta name=\"twitter:label1\" content=\"Procenjeno vreme \u010ditanja\" \/>\n\t<meta name=\"twitter:data1\" content=\"1 minut\" \/>\n<script type=\"application\/ld+json\" class=\"yoast-schema-graph\">{\"@context\":\"https:\/\/schema.org\",\"@graph\":[{\"@type\":\"WebPage\",\"@id\":\"https:\/\/www.artegalerija.rs\/aukcija\/lot\/lot-48a\/\",\"url\":\"https:\/\/www.artegalerija.rs\/aukcija\/lot\/lot-48a\/\",\"name\":\"Lot 48a - Arte Aukcije\",\"isPartOf\":{\"@id\":\"https:\/\/www.artegalerija.rs\/aukcija\/#website\"},\"primaryImageOfPage\":{\"@id\":\"https:\/\/www.artegalerija.rs\/aukcija\/lot\/lot-48a\/#primaryimage\"},\"image\":{\"@id\":\"https:\/\/www.artegalerija.rs\/aukcija\/lot\/lot-48a\/#primaryimage\"},\"thumbnailUrl\":\"https:\/\/www.artegalerija.rs\/aukcija\/wp-content\/uploads\/2025\/12\/48-a.jpg\",\"datePublished\":\"2025-05-13T15:25:51+00:00\",\"dateModified\":\"2025-12-15T10:23:08+00:00\",\"breadcrumb\":{\"@id\":\"https:\/\/www.artegalerija.rs\/aukcija\/lot\/lot-48a\/#breadcrumb\"},\"inLanguage\":\"sr-RS\",\"potentialAction\":[{\"@type\":\"ReadAction\",\"target\":[\"https:\/\/www.artegalerija.rs\/aukcija\/lot\/lot-48a\/\"]}]},{\"@type\":\"ImageObject\",\"inLanguage\":\"sr-RS\",\"@id\":\"https:\/\/www.artegalerija.rs\/aukcija\/lot\/lot-48a\/#primaryimage\",\"url\":\"https:\/\/www.artegalerija.rs\/aukcija\/wp-content\/uploads\/2025\/12\/48-a.jpg\",\"contentUrl\":\"https:\/\/www.artegalerija.rs\/aukcija\/wp-content\/uploads\/2025\/12\/48-a.jpg\",\"width\":1920,\"height\":1920},{\"@type\":\"BreadcrumbList\",\"@id\":\"https:\/\/www.artegalerija.rs\/aukcija\/lot\/lot-48a\/#breadcrumb\",\"itemListElement\":[{\"@type\":\"ListItem\",\"position\":1,\"name\":\"\u041f\u043e\u0447\u0435\u0442\u043d\u0430\",\"item\":\"https:\/\/www.artegalerija.rs\/aukcija\/\"},{\"@type\":\"ListItem\",\"position\":2,\"name\":\"\u041f\u0440\u043e\u0438\u0437\u0432\u043e\u0434\u0438\",\"item\":\"https:\/\/www.artegalerija.rs\/aukcija\/shop\/\"},{\"@type\":\"ListItem\",\"position\":3,\"name\":\"Lot 48a\"}]},{\"@type\":\"WebSite\",\"@id\":\"https:\/\/www.artegalerija.rs\/aukcija\/#website\",\"url\":\"https:\/\/www.artegalerija.rs\/aukcija\/\",\"name\":\"Arte Aukcije\",\"description\":\"\",\"publisher\":{\"@id\":\"https:\/\/www.artegalerija.rs\/aukcija\/#organization\"},\"potentialAction\":[{\"@type\":\"SearchAction\",\"target\":{\"@type\":\"EntryPoint\",\"urlTemplate\":\"https:\/\/www.artegalerija.rs\/aukcija\/?s={search_term_string}\"},\"query-input\":{\"@type\":\"PropertyValueSpecification\",\"valueRequired\":true,\"valueName\":\"search_term_string\"}}],\"inLanguage\":\"sr-RS\"},{\"@type\":\"Organization\",\"@id\":\"https:\/\/www.artegalerija.rs\/aukcija\/#organization\",\"name\":\"Arte Aukcije\",\"url\":\"https:\/\/www.artegalerija.rs\/aukcija\/\",\"logo\":{\"@type\":\"ImageObject\",\"inLanguage\":\"sr-RS\",\"@id\":\"https:\/\/www.artegalerija.rs\/aukcija\/#\/schema\/logo\/image\/\",\"url\":\"https:\/\/www.artegalerija.rs\/aukcija\/wp-content\/uploads\/2024\/11\/logo-arte.jpg\",\"contentUrl\":\"https:\/\/www.artegalerija.rs\/aukcija\/wp-content\/uploads\/2024\/11\/logo-arte.jpg\",\"width\":790,\"height\":790,\"caption\":\"Arte Aukcije\"},\"image\":{\"@id\":\"https:\/\/www.artegalerija.rs\/aukcija\/#\/schema\/logo\/image\/\"},\"sameAs\":[\"https:\/\/www.facebook.com\/artegalerija\/\",\"https:\/\/www.instagram.com\/galerija_arte\/\",\"https:\/\/www.youtube.com\/@artegalerija9501\/videos\"]}]}<\/script>\n<!-- \/ Yoast SEO plugin. -->","yoast_head_json":{"title":"Lot 48a - Arte Aukcije","robots":{"index":"index","follow":"follow","max-snippet":"max-snippet:-1","max-image-preview":"max-image-preview:large","max-video-preview":"max-video-preview:-1"},"canonical":"https:\/\/www.artegalerija.rs\/aukcija\/lot\/lot-48a\/","og_locale":"sr_RS","og_type":"article","og_title":"Lot 48a - Arte Aukcije","og_description":"Lot 48a Branko Milju\u0161 (1936\u20132012) Meta, 1968\/69. ulje na platnu, 190x90 cm Cena na upit &nbsp; Delo je publikovano u: Ljiljana Slijep\u010devi\u0107, MILJU\u0160 BRANKO (1936 \u2013 2012), Arte Media, Beograd, 2014, str. 98 i 314 &nbsp;","og_url":"https:\/\/www.artegalerija.rs\/aukcija\/lot\/lot-48a\/","og_site_name":"Arte Aukcije","article_publisher":"https:\/\/www.facebook.com\/artegalerija\/","article_modified_time":"2025-12-15T10:23:08+00:00","og_image":[{"width":1920,"height":1920,"url":"https:\/\/www.artegalerija.rs\/aukcija\/wp-content\/uploads\/2025\/12\/48-a.jpg","type":"image\/jpeg"}],"twitter_card":"summary_large_image","twitter_misc":{"\u041f\u0440\u043e\u0446\u0435\u045a\u0435\u043d\u043e \u0432\u0440\u0435\u043c\u0435 \u0447\u0438\u0442\u0430\u045a\u0430":"1 minut"},"schema":{"@context":"https:\/\/schema.org","@graph":[{"@type":"WebPage","@id":"https:\/\/www.artegalerija.rs\/aukcija\/lot\/lot-48a\/","url":"https:\/\/www.artegalerija.rs\/aukcija\/lot\/lot-48a\/","name":"Lot 48a - Arte Aukcije","isPartOf":{"@id":"https:\/\/www.artegalerija.rs\/aukcija\/#website"},"primaryImageOfPage":{"@id":"https:\/\/www.artegalerija.rs\/aukcija\/lot\/lot-48a\/#primaryimage"},"image":{"@id":"https:\/\/www.artegalerija.rs\/aukcija\/lot\/lot-48a\/#primaryimage"},"thumbnailUrl":"https:\/\/www.artegalerija.rs\/aukcija\/wp-content\/uploads\/2025\/12\/48-a.jpg","datePublished":"2025-05-13T15:25:51+00:00","dateModified":"2025-12-15T10:23:08+00:00","breadcrumb":{"@id":"https:\/\/www.artegalerija.rs\/aukcija\/lot\/lot-48a\/#breadcrumb"},"inLanguage":"sr-RS","potentialAction":[{"@type":"ReadAction","target":["https:\/\/www.artegalerija.rs\/aukcija\/lot\/lot-48a\/"]}]},{"@type":"ImageObject","inLanguage":"sr-RS","@id":"https:\/\/www.artegalerija.rs\/aukcija\/lot\/lot-48a\/#primaryimage","url":"https:\/\/www.artegalerija.rs\/aukcija\/wp-content\/uploads\/2025\/12\/48-a.jpg","contentUrl":"https:\/\/www.artegalerija.rs\/aukcija\/wp-content\/uploads\/2025\/12\/48-a.jpg","width":1920,"height":1920},{"@type":"BreadcrumbList","@id":"https:\/\/www.artegalerija.rs\/aukcija\/lot\/lot-48a\/#breadcrumb","itemListElement":[{"@type":"ListItem","position":1,"name":"Po\u010detna","item":"https:\/\/www.artegalerija.rs\/aukcija\/"},{"@type":"ListItem","position":2,"name":"Proizvodi","item":"https:\/\/www.artegalerija.rs\/aukcija\/shop\/"},{"@type":"ListItem","position":3,"name":"Lot 48a"}]},{"@type":"WebSite","@id":"https:\/\/www.artegalerija.rs\/aukcija\/#website","url":"https:\/\/www.artegalerija.rs\/aukcija\/","name":"Arte Aukcije","description":"","publisher":{"@id":"https:\/\/www.artegalerija.rs\/aukcija\/#organization"},"potentialAction":[{"@type":"SearchAction","target":{"@type":"EntryPoint","urlTemplate":"https:\/\/www.artegalerija.rs\/aukcija\/?s={search_term_string}"},"query-input":{"@type":"PropertyValueSpecification","valueRequired":true,"valueName":"search_term_string"}}],"inLanguage":"sr-RS"},{"@type":"Organization","@id":"https:\/\/www.artegalerija.rs\/aukcija\/#organization","name":"Arte Aukcije","url":"https:\/\/www.artegalerija.rs\/aukcija\/","logo":{"@type":"ImageObject","inLanguage":"sr-RS","@id":"https:\/\/www.artegalerija.rs\/aukcija\/#\/schema\/logo\/image\/","url":"https:\/\/www.artegalerija.rs\/aukcija\/wp-content\/uploads\/2024\/11\/logo-arte.jpg","contentUrl":"https:\/\/www.artegalerija.rs\/aukcija\/wp-content\/uploads\/2024\/11\/logo-arte.jpg","width":790,"height":790,"caption":"Arte Aukcije"},"image":{"@id":"https:\/\/www.artegalerija.rs\/aukcija\/#\/schema\/logo\/image\/"},"sameAs":["https:\/\/www.facebook.com\/artegalerija\/","https:\/\/www.instagram.com\/galerija_arte\/","https:\/\/www.youtube.com\/@artegalerija9501\/videos"]}]}},"_links":{"self":[{"href":"https:\/\/www.artegalerija.rs\/aukcija\/wp-json\/wp\/v2\/product\/1405","targetHints":{"allow":["GET"]}}],"collection":[{"href":"https:\/\/www.artegalerija.rs\/aukcija\/wp-json\/wp\/v2\/product"}],"about":[{"href":"https:\/\/www.artegalerija.rs\/aukcija\/wp-json\/wp\/v2\/types\/product"}],"wp:featuredmedia":[{"embeddable":true,"href":"https:\/\/www.artegalerija.rs\/aukcija\/wp-json\/wp\/v2\/media\/1843"}],"wp:attachment":[{"href":"https:\/\/www.artegalerija.rs\/aukcija\/wp-json\/wp\/v2\/media?parent=1405"}],"wp:term":[{"taxonomy":"product_brand","embeddable":true,"href":"https:\/\/www.artegalerija.rs\/aukcija\/wp-json\/wp\/v2\/product_brand?post=1405"},{"taxonomy":"product_cat","embeddable":true,"href":"https:\/\/www.artegalerija.rs\/aukcija\/wp-json\/wp\/v2\/product_cat?post=1405"},{"taxonomy":"product_tag","embeddable":true,"href":"https:\/\/www.artegalerija.rs\/aukcija\/wp-json\/wp\/v2\/product_tag?post=1405"}],"curies":[{"name":"wp","href":"https:\/\/api.w.org\/{rel}","templated":true}]}}